{"id":576,"date":"2017-05-22T17:18:35","date_gmt":"2017-05-22T15:18:35","guid":{"rendered":"https:\/\/sinica-consulting.com\/impressum\/"},"modified":"2018-05-25T09:53:20","modified_gmt":"2018-05-25T07:53:20","slug":"impressum","status":"publish","type":"page","link":"https:\/\/sinica-consulting.com\/fr\/impressum\/","title":{"rendered":"Impressum FR"},"content":{"rendered":"<p><div class=\"fusion-fullwidth fullwidth-box fusion-builder-row-1 hundred-percent-fullwidth non-hundred-percent-height-scrolling\" style=\"background-color: rgba(255,255,255,0);background-position: center center;background-repeat: no-repeat;padding-top:0px;padding-right:0px;padding-bottom:0px;padding-left:0px;margin-bottom: 0px;margin-top: 0px;border-width: 0px 0px 0px 0px;border-color:#eae9e9;border-style:solid;\" ><div class=\"fusion-builder-row fusion-row\"><div class=\"fusion-layout-column fusion_builder_column fusion-builder-column-0 fusion_builder_column_1_1 1_1 fusion-one-full fusion-column-first fusion-column-last\" style=\"margin-top:0px;margin-bottom:20px;\"><div class=\"fusion-column-wrapper fusion-flex-column-wrapper-legacy\" style=\"background-position:left top;background-repeat:no-repeat;-webkit-background-size:cover;-moz-background-size:cover;-o-background-size:cover;background-size:cover;padding: 0px 0px 0px 0px;\"><style type=\"text\/css\"><\/style><div class=\"fusion-title title fusion-title-1 fusion-sep-none fusion-title-center fusion-title-text fusion-title-size-one\" style=\"margin-top:0px;margin-right:0px;margin-bottom:15px;margin-left:0px;\"><h1 class=\"title-heading-center\" style=\"margin:0;\">Mention l\u00e9gale<\/h1><\/div><div class=\"fusion-sep-clear\"><\/div><div class=\"fusion-separator fusion-full-width-sep\" style=\"margin-left: auto;margin-right: auto;margin-top:20px;margin-bottom:20px;width:100%;\"><div class=\"fusion-separator-border sep-single sep-solid\" style=\"border-color:#e0dede;border-top-width:1px;\"><\/div><\/div><div class=\"fusion-sep-clear\"><\/div><div class=\"fusion-clearfix\"><\/div><\/div><\/div><\/div><\/div><div class=\"fusion-fullwidth fullwidth-box fusion-builder-row-2 nonhundred-percent-fullwidth non-hundred-percent-height-scrolling\" style=\"background-color: rgba(255,255,255,0);background-position: center center;background-repeat: no-repeat;padding-top:0px;padding-right:0px;padding-bottom:0px;padding-left:0px;margin-bottom: 0px;margin-top: 0px;border-width: 0px 0px 0px 0px;border-color:#eae9e9;border-style:solid;\" ><div class=\"fusion-builder-row fusion-row\"><div class=\"fusion-layout-column fusion_builder_column fusion-builder-column-1 fusion_builder_column_1_1 1_1 fusion-one-full fusion-column-first fusion-column-last\" style=\"margin-top:0px;margin-bottom:20px;\"><div class=\"fusion-column-wrapper fusion-flex-column-wrapper-legacy\" style=\"background-position:left top;background-repeat:no-repeat;-webkit-background-size:cover;-moz-background-size:cover;-o-background-size:cover;background-size:cover;padding: 0px 0px 0px 0px;\"><div class=\"fusion-text fusion-text-1\"><p>SINICA CONSULTING<br \/>\nKirsten Heike GIERING<br \/>\nPossweg 30<br \/>\n14163 Berlin<br \/>\nAllemagne<br \/>\n(+49)152 286 34 802<br \/>\n<a href=\"mailto:info@sinica-consulting.com\">info@sinica-consulting.com<\/a><\/p>\n<p>N\u00b0 TVA Intracommunautaire : DE309227560<\/p>\n<p>Disclaimer \/ Exclusion de responsabilit\u00e9<\/p>\n<ol>\n<li>Avertissement sur les contenus<br \/>\nLes contenus gratuits et librement accessibles de ce site internet ont \u00e9t\u00e9 r\u00e9alis\u00e9s avec les plus grands soins. Toutefois, le fournisseur de ce site internet ne garantit pas l\u2019exactitude et l\u2019actualit\u00e9 des conseils et des nouvelles journalistiques fournies gratuitement et librement accessibles. L\u2019utilisation de ces contenus est aux risques et p\u00e9rils de l\u2019utilisateur. La simple consultation de ces contenus gratuits et librement accessibles n\u2019a pas pour effet de cr\u00e9er un rapport contractuel entre l\u2019utilisateur et le fournisseur. Ainsi, il n\u2019y a pas de volont\u00e9 de cr\u00e9er des liens juridiques.<\/li>\n<li>Liens<br \/>\nLa page internet contient des liens avec d\u2019autres sites internet (\u00ab\u00a0Liens externes\u00a0\u00bb). Ces sites internet rel\u00e8vent de la responsabilit\u00e9 de leur exploitant. La connexion aux liens externes n\u2019a pas permis de constater d\u2019infractions l\u00e9gales. Le fournisseur n\u2019a aucune influence sur la forme actuelle et future des sites accessibles par des liens. Le fournisseur ne saurait accepter de se livrer \u00e0 un contr\u00f4le permanent des liens externes sans signalement concret d&rsquo;infractions au droit. De tels liens sont toutefois imm\u00e9diatement supprim\u00e9s d\u00e8s qu\u2019il a connaissance d&rsquo;infractions.<\/li>\n<li>Droit d&rsquo;auteur \/ droit de performance<br \/>\nLes contenus publi\u00e9s par le fournisseur sur ce site internet sont soumis aux droits d\u2019auteur et aux droits de performance allemands. Toute utilisation interdite par la l\u00e9gislation allemande sur les droits d\u2019auteurs et droits connexes doit recueillir au pr\u00e9alable l\u2019accord \u00e9crit du fournisseur ou du d\u00e9tenteur des droits. Cette clause s\u2019applique surtout \u00e0 la duplication, l\u2019\u00e9dition, le traitement, la traduction, l\u2019enregistrement, le traitement ou la reproduction de bases de donn\u00e9es ou autres supports et syst\u00e8mes \u00e9lectroniques. Les contenus et les droits de tiers sont qualifi\u00e9s comme suit. La copie illicite des contenus de ce site internet ou du site internet complet est interdite et passible d\u2019amende. Seule est autoris\u00e9e la r\u00e9alisation de copies et de t\u00e9l\u00e9chargements pour usage personnel non commercial. Ce site internet ne doit pas \u00eatre repr\u00e9sent\u00e9 par des tiers dans des frames ou iFrames sans autorisation \u00e9crite.<\/li>\n<\/ol>\n<ol start=\"4\">\n<li>Absence de publicit\u00e9<br \/>\nL&rsquo;utilisation de donn\u00e9es de contact de la mention l\u00e9gale \u00e0 des fins publicitaires n\u2019est pas souhaitable sauf accord pr\u00e9alable par \u00e9crit de la part du fournisseur ou \u00e0 moins qu\u2019il existe d\u00e9j\u00e0 des relations commerciales. Le fournisseur et toutes les personnes cit\u00e9es dans ce site internet r\u00e9cusent toute utilisation commerciale et divulgation de leurs donn\u00e9es.<\/li>\n<li>Conditions sp\u00e9ciales d\u2019utilisation<br \/>\nD\u00e8s lors que certaines conditions s\u2019\u00e9cartent de l\u2019utilisation individuelle de ce site internet diff\u00e8rent des points 1 \u00e0 4 susmentionn\u00e9s, nous vous renvoyons aux passages concern\u00e9s. Dans ce cas, les conditions particuli\u00e8res d\u2019utilisation dans chaque cas de figure.<\/li>\n<\/ol>\n<p>Source :\u00a0<a href=\"http:\/\/Disclaimer\">Disclaimer<\/a>\u00a0points powered by\u00a0<a href=\"http:\/\/www.fachanwalt.de\/\">www.fachanwalt.de<\/a><\/p>\n<ol start=\"6\">\n<li>Protection des donn\u00e9es<br \/>\na. L&rsquo;utilisation de notre site internet est en r\u00e8gle g\u00e9n\u00e9rale possible sans indiquer ses donn\u00e9es personnelles. Des donn\u00e9es personnelles relev\u00e9es sur nos sites (exemple : nom, adresse ou adresses E-mail), sont toujours autant que possible volontaires. Sauf consentement expr\u00e8s de votre part, ces donn\u00e9es ne seront pas transmises \u00e0 des tiers. b.\u00a0les donn\u00e9es permettant une \u00e9ventuelle identification (par exemple l\u2019adresse IP, la date, l\u2019heure et le nom du fichier demand\u00e9) en liaison avec votre acc\u00e8s sont sauvegard\u00e9es provisoirement dans notre serveur pour s\u00e9curiser les donn\u00e9es. Elles ne sont pas exploit\u00e9es sauf \u00e0 des fins statistiques sous forme anonymis\u00e9e. c.\u00a0Nous vous signalons que le transfert de donn\u00e9es sur Internet (par ex. dans une communication par E-Mail) pr\u00e9sente des failles en mati\u00e8re de s\u00e9curit\u00e9. Une protection absolue des donn\u00e9es d&rsquo;un acc\u00e8s par des tiers est impossible.<\/li>\n<li>Cookies:\u00a0Notre site web utilise Google Analystics, un service d\u2019analyse internet de Google Inc. (\u00ab\u00a0Google\u00a0\u00bb). Google Analytics utilise ce que l\u2019on appelle des \u00ab\u00a0Cookies\u00a0\u00bb, des fichiers textes qui sont enregistr\u00e9s sur votre ordinateur et permettant une analyse de votre utilisation du site web. Les informations g\u00e9n\u00e9r\u00e9es par les cookies lors de votre utilisation de ce site internet (incluant l\u2019adresse IP) sont transf\u00e9r\u00e9es \u00e0 un serveur Google aux Etats Unis pour y \u00eatre stock\u00e9es. Si la fonction permettant de rendre anonyme l&rsquo;adresse IP est activ\u00e9e sur ce site, votre adresse IP sera toutefois pr\u00e9alablement abr\u00e9g\u00e9e par Google au sein des Etats membres de l&rsquo;Union europ\u00e9enne et dans les autres \u00c9tats parties \u00e0 l&rsquo;accord sur l&rsquo;Espace \u00e9conomique europ\u00e9en. Ce n&rsquo;est que dans des cas exceptionnels que l&rsquo;adresse IP compl\u00e8te est transmise \u00e0 un serveur de Google aux USA et y est abr\u00e9g\u00e9e. Google utilisera ces informations \u00e0 la demande de l&rsquo;exploitant de ce site internet pour \u00e9valuer l\u2019utilisation que vous faites de notre site web afin de cr\u00e9er des rapports sur les activit\u00e9s du site web et r\u00e9aliser d\u2019autres prestations en liaison avec l\u2019utilisation du site web et d\u2019internet. L&rsquo;adresse IP transmise par votre navigateur dans le cadre de Google Analytics n&rsquo;est pas combin\u00e9e \u00e0 d&rsquo;autres donn\u00e9es de Google. Vous pouvez emp\u00eacher l&rsquo;enregistrement de cookies gr\u00e2ce \u00e0 une configuration appropri\u00e9e du logiciel de votre navigateur\u00a0; toutefois, nous vous signalons qu\u2019il se peut que vous soyez dans l\u2019impossibilit\u00e9 d&rsquo;utiliser les fonctions de ce site web dans leur int\u00e9gralit\u00e9. De plus, vous pouvez emp\u00eacher la transmission des donn\u00e9es g\u00e9n\u00e9r\u00e9es par les Cookies et portant sur l&rsquo;utilisation du site internet (incl. votre adresse IP) \u00e0 Google ainsi que le traitement de ces donn\u00e9es par Google en t\u00e9l\u00e9chargeant et installant le plug-in de navigation disponible sous le lien suivant :\u00a0http:\/\/tools.google.com\/dlpage\/gaoptout?hl=de.<\/li>\n<\/ol>\n<p>Source: Anwaltinfos.de (sauf 6c)<\/p>\n<p>Source Photos: iStock.com:<\/p>\n<p>iStock-165923092_ly86; iStock-461954585_VitalyEdush; iStock-468340848 &amp; -526174529_maxsattana; iStock-503874284_bluejayphoto; iStock-508293866_LeoPatrizi; iStock-588388602_bingdian; iStock-698709788_pielliebe<\/p>\n<p>Source Photos Kirsten Giering\u00a0: die Hoffotografen Berlin<\/p>\n<\/div><div class=\"fusion-clearfix\"><\/div><\/div><\/div><\/div><\/div><\/p>\n","protected":false},"excerpt":{"rendered":"","protected":false},"author":1,"featured_media":0,"parent":0,"menu_order":0,"comment_status":"closed","ping_status":"closed","template":"100-width.php","meta":{"footnotes":""},"yoast_head":"<!-- This site is optimized with the Yoast SEO plugin v22.8 - https:\/\/yoast.com\/wordpress\/plugins\/seo\/ -->\n<title>Impressum FR - Sinica Consulting<\/title>\n<meta name=\"robots\" content=\"index, follow, max-snippet:-1, max-image-preview:large, max-video-preview:-1\" \/>\n<link rel=\"canonical\" href=\"https:\/\/sinica-consulting.com\/fr\/impressum\/\" \/>\n<meta property=\"og:locale\" content=\"fr_FR\" \/>\n<meta property=\"og:type\" content=\"article\" \/>\n<meta property=\"og:title\" content=\"Impressum FR - Sinica Consulting\" \/>\n<meta property=\"og:url\" content=\"https:\/\/sinica-consulting.com\/fr\/impressum\/\" \/>\n<meta property=\"og:site_name\" content=\"Sinica Consulting\" \/>\n<meta property=\"article:modified_time\" content=\"2018-05-25T07:53:20+00:00\" \/>\n<meta name=\"twitter:card\" content=\"summary_large_image\" \/>\n<meta name=\"twitter:label1\" content=\"Dur\u00e9e de lecture estim\u00e9e\" \/>\n\t<meta name=\"twitter:data1\" content=\"7 minutes\" \/>\n<script type=\"application\/ld+json\" class=\"yoast-schema-graph\">{\"@context\":\"https:\/\/schema.org\",\"@graph\":[{\"@type\":\"WebPage\",\"@id\":\"https:\/\/sinica-consulting.com\/fr\/impressum\/\",\"url\":\"https:\/\/sinica-consulting.com\/fr\/impressum\/\",\"name\":\"Impressum FR - Sinica Consulting\",\"isPartOf\":{\"@id\":\"https:\/\/sinica-consulting.com\/#website\"},\"datePublished\":\"2017-05-22T15:18:35+00:00\",\"dateModified\":\"2018-05-25T07:53:20+00:00\",\"breadcrumb\":{\"@id\":\"https:\/\/sinica-consulting.com\/fr\/impressum\/#breadcrumb\"},\"inLanguage\":\"fr-FR\",\"potentialAction\":[{\"@type\":\"ReadAction\",\"target\":[\"https:\/\/sinica-consulting.com\/fr\/impressum\/\"]}]},{\"@type\":\"BreadcrumbList\",\"@id\":\"https:\/\/sinica-consulting.com\/fr\/impressum\/#breadcrumb\",\"itemListElement\":[{\"@type\":\"ListItem\",\"position\":1,\"name\":\"Startseite\",\"item\":\"https:\/\/sinica-consulting.com\/fr\/\"},{\"@type\":\"ListItem\",\"position\":2,\"name\":\"Impressum FR\"}]},{\"@type\":\"WebSite\",\"@id\":\"https:\/\/sinica-consulting.com\/#website\",\"url\":\"https:\/\/sinica-consulting.com\/\",\"name\":\"Sinica Consulting\",\"description\":\"Eine weitere WordPress-Website\",\"potentialAction\":[{\"@type\":\"SearchAction\",\"target\":{\"@type\":\"EntryPoint\",\"urlTemplate\":\"https:\/\/sinica-consulting.com\/?s={search_term_string}\"},\"query-input\":\"required name=search_term_string\"}],\"inLanguage\":\"fr-FR\"}]}<\/script>\n<!-- \/ Yoast SEO plugin. -->","yoast_head_json":{"title":"Impressum FR - Sinica Consulting","robots":{"index":"index","follow":"follow","max-snippet":"max-snippet:-1","max-image-preview":"max-image-preview:large","max-video-preview":"max-video-preview:-1"},"canonical":"https:\/\/sinica-consulting.com\/fr\/impressum\/","og_locale":"fr_FR","og_type":"article","og_title":"Impressum FR - Sinica Consulting","og_url":"https:\/\/sinica-consulting.com\/fr\/impressum\/","og_site_name":"Sinica Consulting","article_modified_time":"2018-05-25T07:53:20+00:00","twitter_card":"summary_large_image","twitter_misc":{"Dur\u00e9e de lecture estim\u00e9e":"7 minutes"},"schema":{"@context":"https:\/\/schema.org","@graph":[{"@type":"WebPage","@id":"https:\/\/sinica-consulting.com\/fr\/impressum\/","url":"https:\/\/sinica-consulting.com\/fr\/impressum\/","name":"Impressum FR - Sinica Consulting","isPartOf":{"@id":"https:\/\/sinica-consulting.com\/#website"},"datePublished":"2017-05-22T15:18:35+00:00","dateModified":"2018-05-25T07:53:20+00:00","breadcrumb":{"@id":"https:\/\/sinica-consulting.com\/fr\/impressum\/#breadcrumb"},"inLanguage":"fr-FR","potentialAction":[{"@type":"ReadAction","target":["https:\/\/sinica-consulting.com\/fr\/impressum\/"]}]},{"@type":"BreadcrumbList","@id":"https:\/\/sinica-consulting.com\/fr\/impressum\/#breadcrumb","itemListElement":[{"@type":"ListItem","position":1,"name":"Startseite","item":"https:\/\/sinica-consulting.com\/fr\/"},{"@type":"ListItem","position":2,"name":"Impressum FR"}]},{"@type":"WebSite","@id":"https:\/\/sinica-consulting.com\/#website","url":"https:\/\/sinica-consulting.com\/","name":"Sinica Consulting","description":"Eine weitere WordPress-Website","potentialAction":[{"@type":"SearchAction","target":{"@type":"EntryPoint","urlTemplate":"https:\/\/sinica-consulting.com\/?s={search_term_string}"},"query-input":"required name=search_term_string"}],"inLanguage":"fr-FR"}]}},"_links":{"self":[{"href":"https:\/\/sinica-consulting.com\/fr\/wp-json\/wp\/v2\/pages\/576"}],"collection":[{"href":"https:\/\/sinica-consulting.com\/fr\/wp-json\/wp\/v2\/pages"}],"about":[{"href":"https:\/\/sinica-consulting.com\/fr\/wp-json\/wp\/v2\/types\/page"}],"author":[{"embeddable":true,"href":"https:\/\/sinica-consulting.com\/fr\/wp-json\/wp\/v2\/users\/1"}],"replies":[{"embeddable":true,"href":"https:\/\/sinica-consulting.com\/fr\/wp-json\/wp\/v2\/comments?post=576"}],"version-history":[{"count":1,"href":"https:\/\/sinica-consulting.com\/fr\/wp-json\/wp\/v2\/pages\/576\/revisions"}],"predecessor-version":[{"id":910,"href":"https:\/\/sinica-consulting.com\/fr\/wp-json\/wp\/v2\/pages\/576\/revisions\/910"}],"wp:attachment":[{"href":"https:\/\/sinica-consulting.com\/fr\/wp-json\/wp\/v2\/media?parent=576"}],"curies":[{"name":"wp","href":"https:\/\/api.w.org\/{rel}","templated":true}]}}