{"id":593,"date":"2017-10-20T03:34:35","date_gmt":"2017-10-20T01:34:35","guid":{"rendered":"https:\/\/sinica-consulting.com\/change-management\/"},"modified":"2017-11-08T15:33:10","modified_gmt":"2017-11-08T14:33:10","slug":"change-management","status":"publish","type":"page","link":"https:\/\/sinica-consulting.com\/fr\/change-management\/","title":{"rendered":"Change Management FR"},"content":{"rendered":"<p><div class=\"fusion-fullwidth fullwidth-box fusion-builder-row-1 hundred-percent-fullwidth non-hundred-percent-height-scrolling\" style=\"background-color: rgba(255,255,255,0);background-position: center center;background-repeat: no-repeat;padding-top:0px;padding-right:0px;padding-bottom:0px;padding-left:0px;margin-bottom: 0px;margin-top: 0px;border-width: 0px 0px 0px 0px;border-color:#eae9e9;border-style:solid;\" ><div class=\"fusion-builder-row fusion-row\"><div class=\"fusion-layout-column fusion_builder_column fusion-builder-column-0 fusion_builder_column_1_1 1_1 fusion-one-full fusion-column-first fusion-column-last\" style=\"margin-top:0px;margin-bottom:20px;\"><div class=\"fusion-column-wrapper fusion-flex-column-wrapper-legacy\" style=\"background-position:left top;background-repeat:no-repeat;-webkit-background-size:cover;-moz-background-size:cover;-o-background-size:cover;background-size:cover;padding: 0px 0px 0px 0px;\"><style type=\"text\/css\"><\/style><div class=\"fusion-title title fusion-title-1 fusion-sep-none fusion-title-center fusion-title-text fusion-title-size-one\" style=\"margin-top:0px;margin-right:0px;margin-bottom:15px;margin-left:0px;\"><h1 class=\"title-heading-center\" style=\"margin:0;\">Gestion du changement<\/h1><\/div><div class=\"fusion-text fusion-text-1\"><h2 style=\"text-align: center;\">Nous passons avec vous les <strong>anciennes fronti\u00e8res des entreprises et des organisations<\/strong><\/h2>\n<h2 style=\"text-align: center;\">et cr\u00e9ons la base d\u2019une nouvelle culture d\u2019organisation<\/h2>\n<h2 style=\"text-align: center;\">et un environnement de travail globalement innovant.<\/h2>\n<\/div><div class=\"fusion-sep-clear\"><\/div><div class=\"fusion-separator fusion-full-width-sep\" style=\"margin-left: auto;margin-right: auto;margin-top:20px;margin-bottom:20px;width:100%;\"><div class=\"fusion-separator-border sep-single sep-solid\" style=\"border-color:#e0dede;border-top-width:1px;\"><\/div><\/div><div class=\"fusion-sep-clear\"><\/div><div class=\"fusion-clearfix\"><\/div><\/div><\/div><\/div><\/div><div class=\"fusion-fullwidth fullwidth-box fusion-builder-row-2 hundred-percent-fullwidth non-hundred-percent-height-scrolling fusion-equal-height-columns\" style=\"background-color: rgba(255,255,255,0);background-position: center center;background-repeat: no-repeat;padding-top:0px;padding-right:0px;padding-bottom:0px;padding-left:0px;margin-top: 0px;border-width: 0px 0px 0px 0px;border-color:#eae9e9;border-style:solid;\" ><div class=\"fusion-builder-row fusion-row\"><div class=\"fusion-layout-column fusion_builder_column fusion-builder-column-1 fusion_builder_column_1_2 1_2 fusion-one-half fusion-column-first\" style=\"width:50%;width:calc(50% - ( ( 4% ) * 0.5 ) );margin-right: 4%;margin-top:0px;margin-bottom:20px;\"><div class=\"fusion-column-wrapper fusion-flex-column-wrapper-legacy\" style=\"background-position:left top;background-repeat:no-repeat;-webkit-background-size:cover;-moz-background-size:cover;-o-background-size:cover;background-size:cover;padding: 0px 30px 0px 30px;\"><div class=\"fusion-text fusion-text-2\"><p><strong>GESTION DES CHANGEMENTS<\/strong> pour les professionnels et les dirigeants d\u2019entreprise.<\/p>\n<p>Le changement planifi\u00e9 de l\u2019organisation ou Change Management est indispensable dans notre p\u00e9riode de globalisation et de num\u00e9risation et des \u00e9volutions des m\u00e9thodes de travail qui l\u2018accompagnent afin d\u2019assurer un succ\u00e8s entrepreneurial durable et de ne pas perdre pied.<\/p>\n<p>Nous vous soutenons dans le processus de d\u00e9veloppement de la strat\u00e9gie, nous vous apportons nos lumi\u00e8res dans votre organisation et votre culture d\u2019organisation d\u2018entreprise, dressons un \u00e9tat des lieux et d\u00e9finissons avec vous les \u00e9tapes qui s\u2019imposent pour obtenir les conditions id\u00e9ales.<\/p>\n<p>Nous connaissons les facteurs de succ\u00e8s, notamment dans l\u2019expansion internationale, vous aidons \u00e0 \u00e9viter les erreurs caract\u00e9ristiques et \u00e0 permettre \u00e0 votre entreprise d\u2019\u00eatre \u00e0 la hauteur pour s\u2019affirmer \u00e0 l\u2019international avec une performance optimale.<\/p>\n<\/div><div class=\"fusion-clearfix\"><\/div><\/div><\/div><div class=\"fusion-layout-column fusion_builder_column fusion-builder-column-2 fusion_builder_column_1_2 1_2 fusion-one-half fusion-column-last\" style=\"width:50%;width:calc(50% - ( ( 4% ) * 0.5 ) );margin-top:0px;margin-bottom:20px;\"><div class=\"fusion-column-wrapper fusion-flex-column-wrapper-legacy\" style=\"background-position:left top;background-repeat:no-repeat;-webkit-background-size:cover;-moz-background-size:cover;-o-background-size:cover;background-size:cover;padding: 30px 30px 0px 0px;\"><style type='text\/css'>.reading-box-container-1 .element-bottomshadow:before,.reading-box-container-1 .element-bottomshadow:after{opacity:0.7;}<\/style><div class=\"fusion-reading-box-container reading-box-container-1\" style=\"margin-top:0px;margin-bottom:84px;\"><div class=\"reading-box element-bottomshadow\" style=\"background-color:#f6f6f6;border-width:1px;border-color:#f6f6f6;border-left-width:3px;border-left-color:var(--primary_color);border-style:solid;\"><h2>Grands th\u00e8mes de nos conseils<\/h2><div class=\"reading-box-additional fusion-reading-box-additional\">\n<ul>\n<li>Programme de d\u00e9veloppement personnel \u00e0 la gestion du changement durable Sustainable Change Management SCM (Module I \u2013 IV)<\/li>\n<li>Gestion de projet (internationale)<\/li>\n<li>Communication (interculturelle) sur les changements<\/li>\n<li>Changement culturel<\/li>\n<li>Syst\u00e8mes matriciels<\/li>\n<li>Nouvelle structuration \/ restructuration des syst\u00e8mes (internationaux)<\/li>\n<li>R\u00e9orientation internationale de l\u2018organisation<\/li>\n<\/ul>\n<\/div><div class=\"fusion-clearfix\"><\/div><\/div><\/div><div class=\"fusion-clearfix\"><\/div><\/div><\/div><\/div><\/div><div id=\"scm\"><div class=\"fusion-fullwidth fullwidth-box fusion-builder-row-3 hundred-percent-fullwidth non-hundred-percent-height-scrolling fusion-equal-height-columns\" style=\"background-color: rgba(255,255,255,0);background-position: center center;background-repeat: no-repeat;padding-top:0px;padding-right:0px;padding-bottom:0px;padding-left:0px;border-width: 0px 0px 0px 0px;border-color:#eae9e9;border-style:solid;\" ><div class=\"fusion-builder-row fusion-row\"><div class=\"fusion-layout-column fusion_builder_column fusion-builder-column-3 fusion_builder_column_3_4 3_4 fusion-three-fourth fusion-column-first\" style=\"margin-top:0px;margin-bottom:0px;\"><div class=\"fusion-column-wrapper fusion-flex-column-wrapper-legacy\" style=\"background-position:left top;background-repeat:no-repeat;-webkit-background-size:cover;-moz-background-size:cover;-o-background-size:cover;background-size:cover;background-color:#e5e5e5;padding: 30px 30px 30px 30px;\"><style type=\"text\/css\"><\/style><div class=\"fusion-title title fusion-title-2 fusion-sep-none fusion-title-text fusion-title-size-two\" style=\"margin-top:0px;margin-right:0px;margin-bottom:15px;margin-left:0px;\"><h2 class=\"title-heading-left\" style=\"margin:0;\"><strong>S<\/strong>USTAINABLE <strong>C<\/strong>HANGE <strong>M<\/strong>ANAGEMENT<\/h2><\/div><div class=\"fusion-text fusion-text-3\"><p><strong>Un programme de gestion du changement durable d\u00e9velopp\u00e9 par le groupe Joyful Group Su\u00e8de<\/strong><\/p>\n<p><strong>&#8211; Diriger \u00e0 partir de valeurs et de l\u2018int\u00e9grit\u00e9 &#8211;<\/strong><\/p>\n<p><strong>Un programme d\u00e9di\u00e9 aux dirigeants d\u2018entreprise<\/strong><\/p>\n<ul>\n<li>Programme \u00e0 quatre niveaux pour les directeurs d\u2019entreprise<\/li>\n<li>Programme \u00e0 trois niveaux pour les dirigeants d\u2019entreprise de 2\u00e8me cat\u00e9gorie<\/li>\n<\/ul>\n<p>Gr\u00e2ce \u00e0 leur fonction exemplaire et la cr\u00e9dibilit\u00e9 qui en r\u00e9sulte, leur fort engagement et leur communication reposant sur le dialogue, les dirigeants promis \u00e0 un succ\u00e8s durable cr\u00e9ent une culture d\u2019organisation bas\u00e9e sur des valeurs claires. Vos collaborateurs participent avec engagement et investis des comp\u00e9tences requises.<\/p>\n<p>SCM vous enseigne comment d\u00e9velopper durablement une culture d\u2019entreprise avec succ\u00e8s, comment accompagner et inspirer votre personnel \u00e0 travers le processus du changement et am\u00e9liorer les r\u00e9sultats de votre entreprise en d\u00e9veloppant le facteur humain.<\/p>\n<\/div><div class=\"fusion-clearfix\"><\/div><\/div><\/div><div class=\"fusion-layout-column fusion_builder_column fusion-builder-column-4 fusion_builder_column_1_4 1_4 fusion-one-fourth fusion-column-last\" style=\"margin-top:0px;margin-bottom:0px;\"><div class=\"fusion-column-wrapper fusion-flex-column-wrapper-legacy\" style=\"background-position:left top;background-repeat:no-repeat;-webkit-background-size:cover;-moz-background-size:cover;-o-background-size:cover;background-size:cover;padding: 40% 5% 10% 5%;\"><div class=\"fusion-text fusion-text-4\"><p><img decoding=\"async\" class=\"size-full wp-image-144 aligncenter\" src=\"https:\/\/sinica-consulting.com\/wp-content\/uploads\/2017\/10\/logo-sinica-consulting.png\" alt=\"\" width=\"150\" height=\"103\" \/><\/p>\n<p><img decoding=\"async\" class=\"size-full wp-image-351 aligncenter\" src=\"https:\/\/sinica-consulting.com\/wp-content\/uploads\/2017\/10\/logo_joyfull-sm.png\" alt=\"\" width=\"300\" height=\"73\" srcset=\"https:\/\/sinica-consulting.com\/wp-content\/uploads\/2017\/10\/logo_joyfull-sm-200x49.png 200w, https:\/\/sinica-consulting.com\/wp-content\/uploads\/2017\/10\/logo_joyfull-sm.png 300w\" sizes=\"(max-width: 300px) 100vw, 300px\" \/><\/p>\n<\/div><div class=\"fusion-clearfix\"><\/div><\/div><\/div><\/div><\/div><\/div><div class=\"fusion-fullwidth fullwidth-box fusion-builder-row-4 nonhundred-percent-fullwidth non-hundred-percent-height-scrolling\" style=\"background-color: #a50021;background-position: center center;background-repeat: no-repeat;padding-top:20px;padding-right:0px;padding-bottom:20px;padding-left:0px;border-width: 0px 0px 0px 0px;border-color:#eae9e9;border-style:solid;\" ><div class=\"fusion-builder-row fusion-row\"><div class=\"fusion-layout-column fusion_builder_column fusion-builder-column-5 fusion_builder_column_1_1 1_1 fusion-one-full fusion-column-first fusion-column-last\" style=\"margin-top:0px;margin-bottom:0px;\"><div class=\"fusion-column-wrapper fusion-flex-column-wrapper-legacy\" style=\"background-position:left top;background-repeat:no-repeat;-webkit-background-size:cover;-moz-background-size:cover;-o-background-size:cover;background-size:cover;padding: 20px auto 0px auto;\"><div class=\"fusion-column-content-centered\"><div class=\"fusion-column-content\"><div class=\"fusion-text fusion-text-5\"><h2 style=\"text-align: center;\"><span style=\"color: #ffffff;\"><strong>PASSEZ LES FRONTIERES AVEC NOUS!<\/strong><\/span><\/h2>\n<h2 style=\"text-align: center;\"><span style=\"color: #ffffff;\"><strong>CONTACTEZ-NOUS! <\/strong><i class=\"fa fa-phone\"><\/i><\/span><\/h2>\n<\/div><\/div><\/div><div class=\"fusion-clearfix\"><\/div><\/div><\/div><\/div><\/div><\/p>\n","protected":false},"excerpt":{"rendered":"","protected":false},"author":1,"featured_media":0,"parent":0,"menu_order":0,"comment_status":"closed","ping_status":"closed","template":"100-width.php","meta":{"footnotes":""},"yoast_head":"<!-- This site is optimized with the Yoast SEO plugin v22.8 - https:\/\/yoast.com\/wordpress\/plugins\/seo\/ -->\n<title>Change Management FR - Sinica Consulting<\/title>\n<meta name=\"robots\" content=\"index, follow, max-snippet:-1, max-image-preview:large, max-video-preview:-1\" \/>\n<link rel=\"canonical\" href=\"https:\/\/sinica-consulting.com\/fr\/change-management\/\" \/>\n<meta property=\"og:locale\" content=\"fr_FR\" \/>\n<meta property=\"og:type\" content=\"article\" \/>\n<meta property=\"og:title\" content=\"Change Management FR - Sinica Consulting\" \/>\n<meta property=\"og:url\" content=\"https:\/\/sinica-consulting.com\/fr\/change-management\/\" \/>\n<meta property=\"og:site_name\" content=\"Sinica Consulting\" \/>\n<meta property=\"article:modified_time\" content=\"2017-11-08T14:33:10+00:00\" \/>\n<meta property=\"og:image\" content=\"https:\/\/sinica-consulting.com\/wp-content\/uploads\/2017\/10\/logo-sinica-consulting.png\" \/>\n<meta name=\"twitter:card\" content=\"summary_large_image\" \/>\n<meta name=\"twitter:label1\" content=\"Dur\u00e9e de lecture estim\u00e9e\" \/>\n\t<meta name=\"twitter:data1\" content=\"7 minutes\" \/>\n<script type=\"application\/ld+json\" class=\"yoast-schema-graph\">{\"@context\":\"https:\/\/schema.org\",\"@graph\":[{\"@type\":\"WebPage\",\"@id\":\"https:\/\/sinica-consulting.com\/fr\/change-management\/\",\"url\":\"https:\/\/sinica-consulting.com\/fr\/change-management\/\",\"name\":\"Change Management FR - Sinica Consulting\",\"isPartOf\":{\"@id\":\"https:\/\/sinica-consulting.com\/#website\"},\"primaryImageOfPage\":{\"@id\":\"https:\/\/sinica-consulting.com\/fr\/change-management\/#primaryimage\"},\"image\":{\"@id\":\"https:\/\/sinica-consulting.com\/fr\/change-management\/#primaryimage\"},\"thumbnailUrl\":\"https:\/\/sinica-consulting.com\/wp-content\/uploads\/2017\/10\/logo-sinica-consulting.png\",\"datePublished\":\"2017-10-20T01:34:35+00:00\",\"dateModified\":\"2017-11-08T14:33:10+00:00\",\"breadcrumb\":{\"@id\":\"https:\/\/sinica-consulting.com\/fr\/change-management\/#breadcrumb\"},\"inLanguage\":\"fr-FR\",\"potentialAction\":[{\"@type\":\"ReadAction\",\"target\":[\"https:\/\/sinica-consulting.com\/fr\/change-management\/\"]}]},{\"@type\":\"ImageObject\",\"inLanguage\":\"fr-FR\",\"@id\":\"https:\/\/sinica-consulting.com\/fr\/change-management\/#primaryimage\",\"url\":\"https:\/\/sinica-consulting.com\/wp-content\/uploads\/2017\/10\/logo-sinica-consulting.png\",\"contentUrl\":\"https:\/\/sinica-consulting.com\/wp-content\/uploads\/2017\/10\/logo-sinica-consulting.png\"},{\"@type\":\"BreadcrumbList\",\"@id\":\"https:\/\/sinica-consulting.com\/fr\/change-management\/#breadcrumb\",\"itemListElement\":[{\"@type\":\"ListItem\",\"position\":1,\"name\":\"Startseite\",\"item\":\"https:\/\/sinica-consulting.com\/fr\/\"},{\"@type\":\"ListItem\",\"position\":2,\"name\":\"Change Management FR\"}]},{\"@type\":\"WebSite\",\"@id\":\"https:\/\/sinica-consulting.com\/#website\",\"url\":\"https:\/\/sinica-consulting.com\/\",\"name\":\"Sinica Consulting\",\"description\":\"Eine weitere WordPress-Website\",\"potentialAction\":[{\"@type\":\"SearchAction\",\"target\":{\"@type\":\"EntryPoint\",\"urlTemplate\":\"https:\/\/sinica-consulting.com\/?s={search_term_string}\"},\"query-input\":\"required name=search_term_string\"}],\"inLanguage\":\"fr-FR\"}]}<\/script>\n<!-- \/ Yoast SEO plugin. -->","yoast_head_json":{"title":"Change Management FR - Sinica Consulting","robots":{"index":"index","follow":"follow","max-snippet":"max-snippet:-1","max-image-preview":"max-image-preview:large","max-video-preview":"max-video-preview:-1"},"canonical":"https:\/\/sinica-consulting.com\/fr\/change-management\/","og_locale":"fr_FR","og_type":"article","og_title":"Change Management FR - Sinica Consulting","og_url":"https:\/\/sinica-consulting.com\/fr\/change-management\/","og_site_name":"Sinica Consulting","article_modified_time":"2017-11-08T14:33:10+00:00","og_image":[{"url":"https:\/\/sinica-consulting.com\/wp-content\/uploads\/2017\/10\/logo-sinica-consulting.png"}],"twitter_card":"summary_large_image","twitter_misc":{"Dur\u00e9e de lecture estim\u00e9e":"7 minutes"},"schema":{"@context":"https:\/\/schema.org","@graph":[{"@type":"WebPage","@id":"https:\/\/sinica-consulting.com\/fr\/change-management\/","url":"https:\/\/sinica-consulting.com\/fr\/change-management\/","name":"Change Management FR - Sinica Consulting","isPartOf":{"@id":"https:\/\/sinica-consulting.com\/#website"},"primaryImageOfPage":{"@id":"https:\/\/sinica-consulting.com\/fr\/change-management\/#primaryimage"},"image":{"@id":"https:\/\/sinica-consulting.com\/fr\/change-management\/#primaryimage"},"thumbnailUrl":"https:\/\/sinica-consulting.com\/wp-content\/uploads\/2017\/10\/logo-sinica-consulting.png","datePublished":"2017-10-20T01:34:35+00:00","dateModified":"2017-11-08T14:33:10+00:00","breadcrumb":{"@id":"https:\/\/sinica-consulting.com\/fr\/change-management\/#breadcrumb"},"inLanguage":"fr-FR","potentialAction":[{"@type":"ReadAction","target":["https:\/\/sinica-consulting.com\/fr\/change-management\/"]}]},{"@type":"ImageObject","inLanguage":"fr-FR","@id":"https:\/\/sinica-consulting.com\/fr\/change-management\/#primaryimage","url":"https:\/\/sinica-consulting.com\/wp-content\/uploads\/2017\/10\/logo-sinica-consulting.png","contentUrl":"https:\/\/sinica-consulting.com\/wp-content\/uploads\/2017\/10\/logo-sinica-consulting.png"},{"@type":"BreadcrumbList","@id":"https:\/\/sinica-consulting.com\/fr\/change-management\/#breadcrumb","itemListElement":[{"@type":"ListItem","position":1,"name":"Startseite","item":"https:\/\/sinica-consulting.com\/fr\/"},{"@type":"ListItem","position":2,"name":"Change Management FR"}]},{"@type":"WebSite","@id":"https:\/\/sinica-consulting.com\/#website","url":"https:\/\/sinica-consulting.com\/","name":"Sinica Consulting","description":"Eine weitere WordPress-Website","potentialAction":[{"@type":"SearchAction","target":{"@type":"EntryPoint","urlTemplate":"https:\/\/sinica-consulting.com\/?s={search_term_string}"},"query-input":"required name=search_term_string"}],"inLanguage":"fr-FR"}]}},"_links":{"self":[{"href":"https:\/\/sinica-consulting.com\/fr\/wp-json\/wp\/v2\/pages\/593"}],"collection":[{"href":"https:\/\/sinica-consulting.com\/fr\/wp-json\/wp\/v2\/pages"}],"about":[{"href":"https:\/\/sinica-consulting.com\/fr\/wp-json\/wp\/v2\/types\/page"}],"author":[{"embeddable":true,"href":"https:\/\/sinica-consulting.com\/fr\/wp-json\/wp\/v2\/users\/1"}],"replies":[{"embeddable":true,"href":"https:\/\/sinica-consulting.com\/fr\/wp-json\/wp\/v2\/comments?post=593"}],"version-history":[{"count":0,"href":"https:\/\/sinica-consulting.com\/fr\/wp-json\/wp\/v2\/pages\/593\/revisions"}],"wp:attachment":[{"href":"https:\/\/sinica-consulting.com\/fr\/wp-json\/wp\/v2\/media?parent=593"}],"curies":[{"name":"wp","href":"https:\/\/api.w.org\/{rel}","templated":true}]}}