{"id":611,"date":"2017-05-22T17:18:11","date_gmt":"2017-05-22T15:18:11","guid":{"rendered":"https:\/\/sinica-consulting.com\/vita\/"},"modified":"2021-04-12T17:16:19","modified_gmt":"2021-04-12T15:16:19","slug":"vita","status":"publish","type":"page","link":"https:\/\/sinica-consulting.com\/fr\/vita\/","title":{"rendered":"Vita FR"},"content":{"rendered":"<p><div class=\"fusion-fullwidth fullwidth-box fusion-builder-row-1 hundred-percent-fullwidth non-hundred-percent-height-scrolling\" style=\"background-color: rgba(255,255,255,0);background-position: center center;background-repeat: no-repeat;padding-top:0px;padding-right:0px;padding-bottom:0px;padding-left:0px;margin-bottom: 0px;margin-top: 0px;border-width: 0px 0px 0px 0px;border-color:#eae9e9;border-style:solid;\" ><div class=\"fusion-builder-row fusion-row\"><div class=\"fusion-layout-column fusion_builder_column fusion-builder-column-0 fusion_builder_column_1_1 1_1 fusion-one-full fusion-column-first fusion-column-last\" style=\"margin-top:0px;margin-bottom:20px;\"><div class=\"fusion-column-wrapper fusion-flex-column-wrapper-legacy\" style=\"background-position:left top;background-repeat:no-repeat;-webkit-background-size:cover;-moz-background-size:cover;-o-background-size:cover;background-size:cover;padding: 0px 0px 0px 0px;\"><style type=\"text\/css\"><\/style><div class=\"fusion-title title fusion-title-1 fusion-sep-none fusion-title-center fusion-title-text fusion-title-size-one\" style=\"margin-top:0px;margin-right:0px;margin-bottom:15px;margin-left:0px;\"><h1 class=\"title-heading-center\" style=\"margin:0;\">Vita<\/h1><\/div><div class=\"fusion-sep-clear\"><\/div><div class=\"fusion-separator fusion-full-width-sep\" style=\"margin-left: auto;margin-right: auto;margin-top:20px;margin-bottom:20px;width:100%;\"><div class=\"fusion-separator-border sep-single sep-solid\" style=\"border-color:#e0dede;border-top-width:1px;\"><\/div><\/div><div class=\"fusion-sep-clear\"><\/div><div class=\"fusion-clearfix\"><\/div><\/div><\/div><\/div><\/div><div class=\"fusion-fullwidth fullwidth-box fusion-builder-row-2 hundred-percent-fullwidth non-hundred-percent-height-scrolling fusion-equal-height-columns\" style=\"background-color: rgba(255,255,255,0);background-position: center center;background-repeat: no-repeat;padding-top:0px;padding-right:0px;padding-bottom:0px;padding-left:0px;margin-bottom: 0px;margin-top: 0px;border-width: 0px 0px 0px 0px;border-color:#eae9e9;border-style:solid;\" ><div class=\"fusion-builder-row fusion-row\"><div class=\"fusion-layout-column fusion_builder_column fusion-builder-column-1 fusion_builder_column_1_3 1_3 fusion-one-third fusion-column-first\" style=\"margin-top:0px;margin-bottom:20px;\"><div class=\"fusion-column-wrapper fusion-flex-column-wrapper-legacy\" style=\"background-image: url(&#039;https:\/\/sinica-consulting.com\/wp-content\/uploads\/2017\/10\/kirsten-giering.jpg&#039;);background-position:left top;background-repeat:no-repeat;-webkit-background-size:cover;-moz-background-size:cover;-o-background-size:cover;background-size:cover;padding: 0px 0px 0px 0px;\" data-bg-url=\"https:\/\/sinica-consulting.com\/wp-content\/uploads\/2017\/10\/kirsten-giering.jpg\"><div class=\"fusion-clearfix\"><\/div><\/div><\/div><div class=\"fusion-layout-column fusion_builder_column fusion-builder-column-2 fusion_builder_column_2_3 2_3 fusion-two-third fusion-column-last\" style=\"margin-top:0px;margin-bottom:20px;\"><div class=\"fusion-column-wrapper fusion-flex-column-wrapper-legacy\" style=\"background-position:left top;background-repeat:no-repeat;-webkit-background-size:cover;-moz-background-size:cover;-o-background-size:cover;background-size:cover;background-color:#e5e5e5;padding: 20px 5% 20px 5%;\"><div class=\"fusion-text fusion-text-1\"><p><strong>Kirsten<\/strong> <strong>Giering,\u00a0<\/strong>R\u00f6hrling<\/p>\n<p>\u7f57\u73b2<\/p>\n<p>N\u00e9e en 1965, form\u00e9es dans les universit\u00e9s et les grandes \u00e9coles d\u2019\u00e9conomie suivantes : CEDEP Fontainebleau en France (European Centre for Executive Development), CEIBS Shanghai (China Europe International Buisness School), Universit\u00e9 Tongji \u00e0 Shanghai et Universit\u00e9 Johannes Gutenberg \u00e0 Mayence.<\/p>\n<p>Grande comp\u00e9tence interculturelle dans la gestion et la r\u00e9alisation de projets internationaux dans le monde entier dans des fonctions de direction.<\/p>\n<p>Plus de 15 ann\u00e9es d\u2019exp\u00e9rience de travail v\u00e9cu sur place en Chine et en France. Cr\u00e9ation de la succursale d\u2019une multinationale en R\u00e9publique populaire de Chine.<\/p>\n<p>Cr\u00e9ation et gestion de divers services en Chine, en France et en Allemagne.<\/p>\n<p>Formatrice certifi\u00e9e en interculturel. Longues ann\u00e9es de formation en Chine, conception et direction de s\u00e9minaires en chinois, en anglais et en fran\u00e7ais.<\/p>\n<p>Business coach qualifi\u00e9e et consultante en gestion du changement.<\/p>\n<p>Depuis 2016, propri\u00e9taire de SINICA CONSULTING.<\/p>\n<\/div><div class=\"fusion-clearfix\"><\/div><\/div><\/div><\/div><\/div><div class=\"fusion-fullwidth fullwidth-box fusion-builder-row-3 nonhundred-percent-fullwidth non-hundred-percent-height-scrolling\" style=\"background-color: #a50021;background-position: center center;background-repeat: no-repeat;padding-top:20px;padding-right:0px;padding-bottom:20px;padding-left:0px;margin-bottom: 40px;margin-top: 20px;border-width: 0px 0px 0px 0px;border-color:#eae9e9;border-style:solid;\" ><div class=\"fusion-builder-row fusion-row\"><div class=\"fusion-layout-column fusion_builder_column fusion-builder-column-3 fusion_builder_column_1_1 1_1 fusion-one-full fusion-column-first fusion-column-last\" style=\"margin-top:0px;margin-bottom:0px;\"><div class=\"fusion-column-wrapper fusion-flex-column-wrapper-legacy\" style=\"background-position:left top;background-repeat:no-repeat;-webkit-background-size:cover;-moz-background-size:cover;-o-background-size:cover;background-size:cover;padding: 20px auto 0px auto;\"><div class=\"fusion-column-content-centered\"><div class=\"fusion-column-content\"><div class=\"fusion-text fusion-text-2\"><h2 style=\"text-align: center;\"><span style=\"color: #ffffff;\"><strong>Nous sommes SINICA CONSULTING.<\/strong><\/span><\/h2>\n<h2 style=\"text-align: center;\"><span style=\"color: #ffffff;\"><strong>Nous sommes des passes-fronti\u00e8res entre la Porte de Brandebourg, la Tour Eiffel et le Bund \u00e0 Shanghai.<\/strong><\/span><\/h2>\n<\/div><\/div><\/div><div class=\"fusion-clearfix\"><\/div><\/div><\/div><\/div><\/div><div class=\"fusion-fullwidth fullwidth-box fusion-builder-row-4 hundred-percent-fullwidth non-hundred-percent-height-scrolling fusion-equal-height-columns\" style=\"background-color: rgba(255,255,255,0);background-position: center center;background-repeat: no-repeat;padding-top:0px;padding-right:0px;padding-bottom:0px;padding-left:0px;margin-bottom: 0px;margin-top: 0px;border-width: 0px 0px 0px 0px;border-color:#eae9e9;border-style:solid;\" ><div class=\"fusion-builder-row fusion-row\"><div class=\"fusion-layout-column fusion_builder_column fusion-builder-column-4 fusion_builder_column_2_3 2_3 fusion-two-third fusion-column-first\" style=\"margin-top:0px;margin-bottom:20px;\"><div class=\"fusion-column-wrapper fusion-flex-column-wrapper-legacy\" style=\"background-position:left top;background-repeat:no-repeat;-webkit-background-size:cover;-moz-background-size:cover;-o-background-size:cover;background-size:cover;background-color:#e5e5e5;padding: 20px 30px 20px 30px;\"><div class=\"fusion-text fusion-text-3\"><p>Nous aidons les personnes et les entreprises \u00e0 naviguer avec succ\u00e8s dans les univers commerciaux et les environnements culturels internationaux et \u00e0 vous aligner sur des conditions de travail \u00e9voluant toujours plus rapidement.<\/p>\n<p>Nous travaillons avec des professionnels et des dirigeants des branches, des industries et des entreprises les plus diverses d\u00e9sireuses de perfectionner leur organisation ou de conna\u00eetre une \u00e9volution internationale.<\/p>\n<p>Nos clients d\u00e9sirent collaborer rapidement et avec succ\u00e8s avec des partenaires et des clients \u00e9trangers et accro\u00eetre l\u2019efficacit\u00e9 de leur organisation. Ils ont besoin de comprendre clairement les diff\u00e9rences culturelles entre le pays d\u2019origine et le pays de destination et de bien saisir les changements n\u00e9cessaires.<\/p>\n<p>Notre coop\u00e9ration conduit \u00e0 donner \u00e0 nos clients la ma\u00eetrise dans la collaboration avec des cultures \u00e9trang\u00e8res. Non seulement ils \u00e9vitent les \u00ab\u00a0gaffes\u00a0\u00bb mais ils cr\u00e9ent des synergies pr\u00e9cieuses entre des mondes diff\u00e9rents. Elles am\u00e9liorent l\u2019efficacit\u00e9 de votre organisation mais sont aussi proactives, tourn\u00e9es vers le changement.<\/p>\n<\/div><div class=\"fusion-clearfix\"><\/div><\/div><\/div><div class=\"fusion-layout-column fusion_builder_column fusion-builder-column-5 fusion_builder_column_1_3 1_3 fusion-one-third fusion-column-last\" style=\"margin-top:0px;margin-bottom:20px;\"><div class=\"fusion-column-wrapper fusion-flex-column-wrapper-legacy\" style=\"background-image: url(&#039;https:\/\/sinica-consulting.com\/wp-content\/uploads\/2017\/10\/drachen-sm.png&#039;);background-position:left top;background-repeat:no-repeat;-webkit-background-size:cover;-moz-background-size:cover;-o-background-size:cover;background-size:cover;padding: 0px 0px 0px 0px;\" data-bg-url=\"https:\/\/sinica-consulting.com\/wp-content\/uploads\/2017\/10\/drachen-sm.png\"><div class=\"fusion-clearfix\"><\/div><\/div><\/div><\/div><\/div><div class=\"fusion-fullwidth fullwidth-box fusion-builder-row-5 nonhundred-percent-fullwidth non-hundred-percent-height-scrolling\" style=\"background-color: rgba(255,255,255,0);background-position: center center;background-repeat: no-repeat;padding-top:0px;padding-right:0px;padding-bottom:0px;padding-left:0px;margin-bottom: 0px;margin-top: 40px;border-width: 0px 0px 0px 0px;border-color:#eae9e9;border-style:solid;\" ><div class=\"fusion-builder-row fusion-row\"><div class=\"fusion-layout-column fusion_builder_column fusion-builder-column-6 fusion_builder_column_1_1 1_1 fusion-one-full fusion-column-first fusion-column-last\" style=\"margin-top:0px;margin-bottom:20px;\"><div class=\"fusion-column-wrapper fusion-flex-column-wrapper-legacy\" style=\"background-position:left top;background-repeat:no-repeat;-webkit-background-size:cover;-moz-background-size:cover;-o-background-size:cover;background-size:cover;padding: 0px 0px 0px 0px;\"><style type=\"text\/css\"><\/style><div class=\"fusion-title title fusion-title-2 fusion-sep-none fusion-title-center fusion-title-text fusion-title-size-two\" style=\"margin-top:0px;margin-right:0px;margin-bottom:15px;margin-left:0px;\"><h2 class=\"title-heading-center\" style=\"margin:0;\"><strong>Partenaires de coop\u00e9ration<\/strong><\/h2><\/div><div class=\"fusion-sep-clear\"><\/div><div class=\"fusion-separator\" style=\"margin-left: auto;margin-right: auto;width:100%;max-width:5%;\"><div class=\"fusion-separator-border sep-single sep-solid\" style=\"border-color:#a50021;border-top-width:1px;\"><\/div><\/div><div class=\"fusion-sep-clear\"><\/div><div class=\"fusion-clearfix\"><\/div><\/div><\/div><\/div><\/div><div class=\"fusion-fullwidth fullwidth-box fusion-builder-row-6 nonhundred-percent-fullwidth non-hundred-percent-height-scrolling\" style=\"background-color: rgba(255,255,255,0);background-position: center center;background-repeat: no-repeat;padding-top:0px;padding-right:0px;padding-bottom:0px;padding-left:0px;margin-bottom: 60px;margin-top: 0px;border-width: 0px 0px 0px 0px;border-color:#eae9e9;border-style:solid;\" ><div class=\"fusion-builder-row fusion-row\"><div class=\"fusion-layout-column fusion_builder_column fusion-builder-column-7 fusion_builder_column_1_4 1_4 fusion-one-fourth fusion-column-first\" style=\"width:25%;width:calc(25% - ( ( 4% + 4% + 4% ) * 0.25 ) );margin-right: 4%;margin-top:0px;margin-bottom:20px;\"><div class=\"fusion-column-wrapper fusion-flex-column-wrapper-legacy\" style=\"background-position:left top;background-repeat:no-repeat;-webkit-background-size:cover;-moz-background-size:cover;-o-background-size:cover;background-size:cover;background-color:#e5e5e5;padding: 0px 0px 0px 0px;\"><span class=\" fusion-imageframe imageframe-none imageframe-1 hover-type-zoomin\" style=\"border:1px solid #e5e5e5;\"><img decoding=\"async\" width=\"300\" height=\"200\" title=\"fellaws_consult\" src=\"https:\/\/sinica-consulting.com\/wp-content\/uploads\/2021\/04\/fellaws_consult.png\" class=\"img-responsive wp-image-953\" srcset=\"https:\/\/sinica-consulting.com\/wp-content\/uploads\/2021\/04\/fellaws_consult-200x133.png 200w, https:\/\/sinica-consulting.com\/wp-content\/uploads\/2021\/04\/fellaws_consult.png 300w\" sizes=\"(max-width: 800px) 100vw, 300px\" \/><\/span><div class=\"fusion-sep-clear\"><\/div><div class=\"fusion-separator fusion-full-width-sep\" style=\"margin-left: auto;margin-right: auto;margin-bottom:20px;width:100%;\"><\/div><div class=\"fusion-sep-clear\"><\/div><div class=\"fusion-text fusion-text-4\"><div style=\"min-height: 105px;\">\n<p style=\"text-align: center;\"><strong>FELLAWS COSULT GMBH<\/strong><strong>, GERMANY<\/strong><\/p>\n<p style=\"text-align: center;\">www.fellaws-consult.de<\/p>\n<\/div>\n<\/div><div class=\"fusion-clearfix\"><\/div><\/div><\/div><div class=\"fusion-layout-column fusion_builder_column fusion-builder-column-8 fusion_builder_column_1_4 1_4 fusion-one-fourth\" style=\"width:25%;width:calc(25% - ( ( 4% + 4% + 4% ) * 0.25 ) );margin-right: 4%;margin-top:0px;margin-bottom:20px;\"><div class=\"fusion-column-wrapper fusion-flex-column-wrapper-legacy\" style=\"background-position:left top;background-repeat:no-repeat;-webkit-background-size:cover;-moz-background-size:cover;-o-background-size:cover;background-size:cover;background-color:#e5e5e5;padding: 0px 0px 0px 0px;\"><span class=\" fusion-imageframe imageframe-none imageframe-2 hover-type-zoomin\" style=\"border:1px solid #e5e5e5;\"><img decoding=\"async\" width=\"300\" height=\"200\" title=\"logo_dragon\" src=\"https:\/\/sinica-consulting.com\/wp-content\/uploads\/2017\/10\/logo_dragon.png\" class=\"img-responsive wp-image-240\" srcset=\"https:\/\/sinica-consulting.com\/wp-content\/uploads\/2017\/10\/logo_dragon-200x133.png 200w, https:\/\/sinica-consulting.com\/wp-content\/uploads\/2017\/10\/logo_dragon.png 300w\" sizes=\"(max-width: 800px) 100vw, 300px\" \/><\/span><div class=\"fusion-sep-clear\"><\/div><div class=\"fusion-separator fusion-full-width-sep\" style=\"margin-left: auto;margin-right: auto;margin-bottom:20px;width:100%;\"><\/div><div class=\"fusion-sep-clear\"><\/div><div class=\"fusion-text fusion-text-5\"><div style=\"min-height: 105px;\">\n<p style=\"text-align: center;\"><strong>DRAGONFLY GROUP CHINA<\/strong><\/p>\n<p style=\"text-align: center;\">www.dragonflygroup.com<\/p>\n<\/div>\n<\/div><div class=\"fusion-clearfix\"><\/div><\/div><\/div><div class=\"fusion-layout-column fusion_builder_column fusion-builder-column-9 fusion_builder_column_1_4 1_4 fusion-one-fourth\" style=\"width:25%;width:calc(25% - ( ( 4% + 4% + 4% ) * 0.25 ) );margin-right: 4%;margin-top:0px;margin-bottom:20px;\"><div class=\"fusion-column-wrapper fusion-flex-column-wrapper-legacy\" style=\"background-position:left top;background-repeat:no-repeat;-webkit-background-size:cover;-moz-background-size:cover;-o-background-size:cover;background-size:cover;background-color:#e5e5e5;padding: 0px 0px 0px 0px;\"><span class=\" fusion-imageframe imageframe-none imageframe-3 hover-type-zoomin\" style=\"border:1px solid #e5e5e5;\"><img decoding=\"async\" width=\"300\" height=\"200\" title=\"logo_joyfull\" src=\"https:\/\/sinica-consulting.com\/wp-content\/uploads\/2017\/10\/logo_joyfull.png\" class=\"img-responsive wp-image-248\" srcset=\"https:\/\/sinica-consulting.com\/wp-content\/uploads\/2017\/10\/logo_joyfull-200x133.png 200w, https:\/\/sinica-consulting.com\/wp-content\/uploads\/2017\/10\/logo_joyfull.png 300w\" sizes=\"(max-width: 800px) 100vw, 300px\" \/><\/span><div class=\"fusion-sep-clear\"><\/div><div class=\"fusion-separator fusion-full-width-sep\" style=\"margin-left: auto;margin-right: auto;margin-bottom:20px;width:100%;\"><\/div><div class=\"fusion-sep-clear\"><\/div><div class=\"fusion-text fusion-text-6\"><div style=\"min-height: 105px;\">\n<p style=\"text-align: center;\"><strong>JOYFUL GROUP SWEDEN<\/strong><\/p>\n<p style=\"text-align: center;\">www.joyfulgroup.se<\/p>\n<\/div>\n<\/div><div class=\"fusion-clearfix\"><\/div><\/div><\/div><div class=\"fusion-layout-column fusion_builder_column fusion-builder-column-10 fusion_builder_column_1_4 1_4 fusion-one-fourth fusion-column-last\" style=\"width:25%;width:calc(25% - ( ( 4% + 4% + 4% ) * 0.25 ) );margin-top:0px;margin-bottom:20px;\"><div class=\"fusion-column-wrapper fusion-flex-column-wrapper-legacy\" style=\"background-position:left top;background-repeat:no-repeat;-webkit-background-size:cover;-moz-background-size:cover;-o-background-size:cover;background-size:cover;background-color:#e5e5e5;padding: 0px 0px 0px 0px;\"><span class=\" fusion-imageframe imageframe-none imageframe-4 hover-type-zoomin\" style=\"border:1px solid #e5e5e5;\"><img decoding=\"async\" width=\"300\" height=\"200\" title=\"logo_icud\" src=\"https:\/\/sinica-consulting.com\/wp-content\/uploads\/2017\/10\/logo_icud.png\" class=\"img-responsive wp-image-244\" srcset=\"https:\/\/sinica-consulting.com\/wp-content\/uploads\/2017\/10\/logo_icud-200x133.png 200w, https:\/\/sinica-consulting.com\/wp-content\/uploads\/2017\/10\/logo_icud.png 300w\" sizes=\"(max-width: 800px) 100vw, 300px\" \/><\/span><div class=\"fusion-sep-clear\"><\/div><div class=\"fusion-separator fusion-full-width-sep\" style=\"margin-left: auto;margin-right: auto;margin-bottom:20px;width:100%;\"><\/div><div class=\"fusion-sep-clear\"><\/div><div class=\"fusion-text fusion-text-7\"><div style=\"min-height: 105px;\">\n<p style=\"text-align: center;\"><strong>IKUD SEMINARE GERMANY<br \/>\n<\/strong><\/p>\n<p style=\"text-align: center;\">www.ikud-seminare.de<\/p>\n<\/div>\n<\/div><div class=\"fusion-clearfix\"><\/div><\/div><\/div><\/div><\/div><\/p>\n","protected":false},"excerpt":{"rendered":"","protected":false},"author":1,"featured_media":0,"parent":0,"menu_order":0,"comment_status":"closed","ping_status":"closed","template":"100-width.php","meta":{"footnotes":""},"yoast_head":"<!-- This site is optimized with the Yoast SEO plugin v22.8 - https:\/\/yoast.com\/wordpress\/plugins\/seo\/ -->\n<title>Vita FR - Sinica Consulting<\/title>\n<meta name=\"robots\" content=\"index, follow, max-snippet:-1, max-image-preview:large, max-video-preview:-1\" \/>\n<link rel=\"canonical\" href=\"https:\/\/sinica-consulting.com\/fr\/vita\/\" \/>\n<meta property=\"og:locale\" content=\"fr_FR\" \/>\n<meta property=\"og:type\" content=\"article\" \/>\n<meta property=\"og:title\" content=\"Vita FR - Sinica Consulting\" \/>\n<meta property=\"og:url\" content=\"https:\/\/sinica-consulting.com\/fr\/vita\/\" \/>\n<meta property=\"og:site_name\" content=\"Sinica Consulting\" \/>\n<meta property=\"article:modified_time\" content=\"2021-04-12T15:16:19+00:00\" \/>\n<meta name=\"twitter:card\" content=\"summary_large_image\" \/>\n<meta name=\"twitter:label1\" content=\"Dur\u00e9e de lecture estim\u00e9e\" \/>\n\t<meta name=\"twitter:data1\" content=\"5 minutes\" \/>\n<script type=\"application\/ld+json\" class=\"yoast-schema-graph\">{\"@context\":\"https:\/\/schema.org\",\"@graph\":[{\"@type\":\"WebPage\",\"@id\":\"https:\/\/sinica-consulting.com\/fr\/vita\/\",\"url\":\"https:\/\/sinica-consulting.com\/fr\/vita\/\",\"name\":\"Vita FR - Sinica Consulting\",\"isPartOf\":{\"@id\":\"https:\/\/sinica-consulting.com\/#website\"},\"datePublished\":\"2017-05-22T15:18:11+00:00\",\"dateModified\":\"2021-04-12T15:16:19+00:00\",\"breadcrumb\":{\"@id\":\"https:\/\/sinica-consulting.com\/fr\/vita\/#breadcrumb\"},\"inLanguage\":\"fr-FR\",\"potentialAction\":[{\"@type\":\"ReadAction\",\"target\":[\"https:\/\/sinica-consulting.com\/fr\/vita\/\"]}]},{\"@type\":\"BreadcrumbList\",\"@id\":\"https:\/\/sinica-consulting.com\/fr\/vita\/#breadcrumb\",\"itemListElement\":[{\"@type\":\"ListItem\",\"position\":1,\"name\":\"Startseite\",\"item\":\"https:\/\/sinica-consulting.com\/fr\/\"},{\"@type\":\"ListItem\",\"position\":2,\"name\":\"Vita FR\"}]},{\"@type\":\"WebSite\",\"@id\":\"https:\/\/sinica-consulting.com\/#website\",\"url\":\"https:\/\/sinica-consulting.com\/\",\"name\":\"Sinica Consulting\",\"description\":\"Eine weitere WordPress-Website\",\"potentialAction\":[{\"@type\":\"SearchAction\",\"target\":{\"@type\":\"EntryPoint\",\"urlTemplate\":\"https:\/\/sinica-consulting.com\/?s={search_term_string}\"},\"query-input\":\"required name=search_term_string\"}],\"inLanguage\":\"fr-FR\"}]}<\/script>\n<!-- \/ Yoast SEO plugin. -->","yoast_head_json":{"title":"Vita FR - Sinica Consulting","robots":{"index":"index","follow":"follow","max-snippet":"max-snippet:-1","max-image-preview":"max-image-preview:large","max-video-preview":"max-video-preview:-1"},"canonical":"https:\/\/sinica-consulting.com\/fr\/vita\/","og_locale":"fr_FR","og_type":"article","og_title":"Vita FR - Sinica Consulting","og_url":"https:\/\/sinica-consulting.com\/fr\/vita\/","og_site_name":"Sinica Consulting","article_modified_time":"2021-04-12T15:16:19+00:00","twitter_card":"summary_large_image","twitter_misc":{"Dur\u00e9e de lecture estim\u00e9e":"5 minutes"},"schema":{"@context":"https:\/\/schema.org","@graph":[{"@type":"WebPage","@id":"https:\/\/sinica-consulting.com\/fr\/vita\/","url":"https:\/\/sinica-consulting.com\/fr\/vita\/","name":"Vita FR - Sinica Consulting","isPartOf":{"@id":"https:\/\/sinica-consulting.com\/#website"},"datePublished":"2017-05-22T15:18:11+00:00","dateModified":"2021-04-12T15:16:19+00:00","breadcrumb":{"@id":"https:\/\/sinica-consulting.com\/fr\/vita\/#breadcrumb"},"inLanguage":"fr-FR","potentialAction":[{"@type":"ReadAction","target":["https:\/\/sinica-consulting.com\/fr\/vita\/"]}]},{"@type":"BreadcrumbList","@id":"https:\/\/sinica-consulting.com\/fr\/vita\/#breadcrumb","itemListElement":[{"@type":"ListItem","position":1,"name":"Startseite","item":"https:\/\/sinica-consulting.com\/fr\/"},{"@type":"ListItem","position":2,"name":"Vita FR"}]},{"@type":"WebSite","@id":"https:\/\/sinica-consulting.com\/#website","url":"https:\/\/sinica-consulting.com\/","name":"Sinica Consulting","description":"Eine weitere WordPress-Website","potentialAction":[{"@type":"SearchAction","target":{"@type":"EntryPoint","urlTemplate":"https:\/\/sinica-consulting.com\/?s={search_term_string}"},"query-input":"required name=search_term_string"}],"inLanguage":"fr-FR"}]}},"_links":{"self":[{"href":"https:\/\/sinica-consulting.com\/fr\/wp-json\/wp\/v2\/pages\/611"}],"collection":[{"href":"https:\/\/sinica-consulting.com\/fr\/wp-json\/wp\/v2\/pages"}],"about":[{"href":"https:\/\/sinica-consulting.com\/fr\/wp-json\/wp\/v2\/types\/page"}],"author":[{"embeddable":true,"href":"https:\/\/sinica-consulting.com\/fr\/wp-json\/wp\/v2\/users\/1"}],"replies":[{"embeddable":true,"href":"https:\/\/sinica-consulting.com\/fr\/wp-json\/wp\/v2\/comments?post=611"}],"version-history":[{"count":2,"href":"https:\/\/sinica-consulting.com\/fr\/wp-json\/wp\/v2\/pages\/611\/revisions"}],"predecessor-version":[{"id":956,"href":"https:\/\/sinica-consulting.com\/fr\/wp-json\/wp\/v2\/pages\/611\/revisions\/956"}],"wp:attachment":[{"href":"https:\/\/sinica-consulting.com\/fr\/wp-json\/wp\/v2\/media?parent=611"}],"curies":[{"name":"wp","href":"https:\/\/api.w.org\/{rel}","templated":true}]}}