{"id":895,"date":"2018-05-22T13:10:40","date_gmt":"2018-05-22T11:10:40","guid":{"rendered":"https:\/\/sinica-consulting.com\/?page_id=895"},"modified":"2018-05-22T13:10:40","modified_gmt":"2018-05-22T11:10:40","slug":"protection-des-donnees","status":"publish","type":"page","link":"https:\/\/sinica-consulting.com\/fr\/protection-des-donnees\/","title":{"rendered":"Protection des donn\u00e9es"},"content":{"rendered":"<p><div class=\"fusion-fullwidth fullwidth-box fusion-builder-row-1 nonhundred-percent-fullwidth non-hundred-percent-height-scrolling\" style=\"background-color: rgba(255,255,255,0);background-position: center center;background-repeat: no-repeat;padding-top:0px;padding-right:0px;padding-bottom:0px;padding-left:0px;margin-bottom: 0px;margin-top: 0px;border-width: 0px 0px 0px 0px;border-color:#eae9e9;border-style:solid;\" ><div class=\"fusion-builder-row fusion-row\"><div class=\"fusion-layout-column fusion_builder_column fusion-builder-column-0 fusion_builder_column_1_1 1_1 fusion-one-full fusion-column-first fusion-column-last\" style=\"margin-top:0px;margin-bottom:20px;\"><div class=\"fusion-column-wrapper fusion-flex-column-wrapper-legacy\" style=\"background-position:left top;background-repeat:no-repeat;-webkit-background-size:cover;-moz-background-size:cover;-o-background-size:cover;background-size:cover;padding: 0px 0px 0px 0px;\"><style type=\"text\/css\"><\/style><div class=\"fusion-title title fusion-title-1 fusion-sep-none fusion-title-center fusion-title-text fusion-title-size-one\" style=\"margin-top:0px;margin-right:0px;margin-bottom:15px;margin-left:0px;\"><h1 class=\"title-heading-center\" style=\"margin:0;\">Protection des donn\u00e9es<\/h1><\/div><div class=\"fusion-sep-clear\"><\/div><div class=\"fusion-separator fusion-full-width-sep\" style=\"margin-left: auto;margin-right: auto;margin-top:20px;margin-bottom:20px;width:100%;\"><div class=\"fusion-separator-border sep-single sep-solid\" style=\"border-color:#e0dede;border-top-width:1px;\"><\/div><\/div><div class=\"fusion-sep-clear\"><\/div><div class=\"fusion-clearfix\"><\/div><\/div><\/div><\/div><\/div><div class=\"fusion-fullwidth fullwidth-box fusion-builder-row-2 nonhundred-percent-fullwidth non-hundred-percent-height-scrolling\" style=\"background-color: rgba(255,255,255,0);background-position: center center;background-repeat: no-repeat;padding-top:0px;padding-right:0px;padding-bottom:0px;padding-left:0px;margin-bottom: 0px;margin-top: 0px;border-width: 0px 0px 0px 0px;border-color:#eae9e9;border-style:solid;\" ><div class=\"fusion-builder-row fusion-row\"><div class=\"fusion-layout-column fusion_builder_column fusion-builder-column-1 fusion_builder_column_1_1 1_1 fusion-one-full fusion-column-first fusion-column-last\" style=\"margin-top:0px;margin-bottom:20px;\"><div class=\"fusion-column-wrapper fusion-flex-column-wrapper-legacy\" style=\"background-position:left top;background-repeat:no-repeat;-webkit-background-size:cover;-moz-background-size:cover;-o-background-size:cover;background-size:cover;padding: 0px 0px 0px 0px;\"><div class=\"fusion-text fusion-text-1\"><p><strong>Principes g\u00e9n\u00e9raux<\/strong><\/p>\n<p>Nous consid\u00e9rons de notre devoir de traiter vos donn\u00e9es personnelles<br \/> loyalement et de les prot\u00e9ger. Les renseignements personnels d\u00e9signent toute<br \/> information concernant la situation personnelle ou mat\u00e9rielle d&rsquo;une<br \/> personne physique identifi\u00e9e ou identifiable. Nous traitons vos donn\u00e9es<br \/> personnelles avec discr\u00e9tion conform\u00e9ment aux r\u00e8glements l\u00e9gales ainsi que cette<br \/> d\u00e9claration de protection de donn\u00e9es.<br \/> L&rsquo;utilisation de notre site Internet est en g\u00e9n\u00e9rale possible sans indiquer de donn\u00e9es<br \/> personnelles. Dans la mesure o\u00f9 des donn\u00e9es relatif aux personnes sont<br \/> collect\u00e9es sur notre site (par exemple nom, adresse postale ou adress email), elles<br \/> proviennent toujours d&rsquo;un enregistrement volontaire de votre part. Ces donn\u00e9es<br \/> ne seront pas transmises \u00e0 des tiers sans votre consentement explicite.<br \/> Nous attirons l&rsquo;attention sur le fait que les transferts de donn\u00e9es sur<br \/> Internet (par ex. en communiquant par e-mail) peuvent pr\u00e9senter des failles de<br \/> s\u00e9curit\u00e9. Toutefois, une protection infaillible des donn\u00e9es contre l&rsquo;acc\u00e8s de tiers ne<br \/> saurait \u00eatre assur\u00e9e.<\/p>\n<p><strong>Les fichiers de log de serveur \/ Server Log-Files<\/strong><\/p>\n<p>Notre fournisseur recueille et journalise automatiquement dans ses fichiers Log des<br \/> informations que lui soumet votre navigateur quand vous visitez nos pages. Ce sont:<\/p>\n<ul>\n<li>l\u2019adresse IP<\/li>\n<li>date et heure de demande serveur<\/li>\n<li>nom du fichier appel\u00e9<\/li>\n<li>volume des donn\u00e9es<\/li>\n<li>syst\u00e8me d&rsquo;exploitation utilis\u00e9<\/li>\n<li>l&rsquo;URL r\u00e9f\u00e9r\u00e9 (la page visit\u00e9e avant)<\/li>\n<\/ul>\n<p> Ces donn\u00e9es ne permettent pas l&rsquo;identification de personnes. Un croisement<br \/> des fichiers avec d&rsquo;autres sources de fichiers n&rsquo;est pas r\u00e9alis\u00e9. Nous<br \/> nous r\u00e9servons \u00e9galement le droit de communiquer de telles informations \u00e0 tout tiers<br \/> si nous consid\u00e9rons que nous y sommes contraints pour au moins<br \/> l&rsquo;un des motifs suivants : (i) par la loi ; (ii) pour nous conformer avec les processus<br \/> l\u00e9gaux ou les demandes gouvernementales ; (iii) pour pr\u00e9venir, enqu\u00eater sur,<br \/> d\u00e9tecter ou entamer des poursuites contre les actes criminels ou attaques \u00e0<br \/> l&rsquo;encontre de l&rsquo;int\u00e9grit\u00e9 technique du site Web ou de notre r\u00e9seau.<\/p>\n<p><strong>Utilisation des Cookies<\/strong><\/p>\n<p>Dans le cadre de certaines op\u00e9rations, le site web utilise des cookies. Les cookies<br \/> sont sans risque de degradation pour votre ordinateur et ne contiennent ni virus ni<br \/> aucun autre outils pouvant cr\u00e9er des dommages.<br \/> Les pages Internet utilisent \u00e0 divers endroits des t\u00e9moins \u00e9lectroniques (cookies)<br \/> dont la fonction est de rendre notre offre plus conviviale, plus performante et plus<br \/> s\u00fbre. Les cookies sont de petits fichiers textes d\u00e9pos\u00e9s dans votre ordinateur que<br \/> votre navigateur enregistre (localement ou sur votre disque dur).<br \/> La plupart des cookies que nous utilisons sont des cookies de session qui sont<br \/> supprim\u00e9s une fois votre session termin\u00e9e. D\u2019autres cookies restent sur votre<br \/> ordinateur jusqu&rsquo;\u00e0 ce que vous les supprimiez. Les cookies qui restent sur votre<br \/> ordinateur nous permettent de reconna\u00eetre votre ordinateur lors de votre prochaine<br \/> visite.<br \/> Vous pouvez configurer votre logiciel de navigation (\u201ebrowser\u00a0\u00bb) de fa\u00e7on \u00e0 \u00eatre<br \/> inform\u00e9 en temps r\u00e9el de la cr\u00e9ation de cookies, de fa\u00e7on \u00e0 les accepter ou non au<br \/> coup par coup ou encore de fa\u00e7on \u00e0 les exclure syst\u00e9matiquement y compris la<br \/> suppression automatique des cookies \u00e0 la fermeture du navigateur. Si vous<br \/> d\u00e9sactivez l&rsquo;enregistrement de cookies sur votre ordinateur, il se peut que<br \/> l&rsquo;utilisation de notre offre Internet ne soit plus possible ou soit restreinte.<\/p>\n<p><strong>Le traitement des donn\u00e9es \u00e0 caract\u00e8re personnel<\/strong><\/p>\n<p>Notre fournisseur collecte et utilise vos donn\u00e9es personnelles en respectant la<br \/> legislation sur la protection des donn\u00e9es. Vos donn\u00e9es personnelles ne seront<br \/> pas partag\u00e9es avec des tiers \u00e0 moins que vous ayez donn\u00e9 votre accord.<br \/> Informations \u00e0 caract\u00e8re personnel d\u00e9signe toutes les informations qui peuvent<br \/> servir \u00e0 identifier un individu, y compris, mais sans limitation, le nom et le pr\u00e9nom,<br \/> l&rsquo;adresse postale et email, le num\u00e9ro de t\u00e9l\u00e9phone.<\/p>\n<p><strong>Le traitement des coordonn\u00e9ss<\/strong><\/p>\n<p>Lorsque vous nous contactez via notre site il est n\u00e9cessaire que nous<br \/> conservions vos donn\u00e9es personnelles afin de pouvoir traiter votre demande. Vos<br \/> coordonn\u00e9es ne seront transmises \u00e0 aucun tiers sans votre permission.<\/p>\n<p><strong>Inclusion des informations contenues dans les sites Web de tiers<\/strong><\/p>\n<p>Nous utilisons des composants actifs (par ex. JAVA Script) de fournisseurs externes.<br \/> Ce sont par example des cartes fournies par Google Maps. Pour la pr\u00e9sentaiton<br \/> correcte de l\u2019image dans votre browser la transmission de l&rsquo;identit\u00e9 \u00ab\u00a0IP\u00a0\u00bb au serveur<br \/> est imp\u00e9ratif. Nous n&rsquo;avons aucune influence sur le fait si les op\u00e9rateurs des ces sites<br \/> sauvegardent votre adresse IP.<br \/> Vous pouvez emp\u00eacher l\u2019execution des codes java script en installant un bloqueur<br \/> comme par example le plug-in de navigateur \u201eNoScript\u201c (www.noscript.net<br \/> \/www.commentcamarche.com) ou en deactivant Java-Script dans votre navigateur.<br \/> Veuillez toutefois noter que, dans ce cas, vous ne pourrez pas toujours utiliser<br \/> toutes les fonctions de ce site web et que le fonctionnement de certaines de nos<br \/> offres pourra \u00eatre limit\u00e9.<br \/> Votre droit d&rsquo;acc\u00e8s aux donn\u00e9es, le droit de rectification, d&rsquo;effacement ou de<br \/> verrouillage<br \/> Vous disposez \u00e0 tout moment d&rsquo;un droit de renseignement gratuit concernant<br \/> les donn\u00e9es enregistr\u00e9es \u00e0 votre sujet, de m\u00eame que vous pouvez le cas<br \/> \u00e9ch\u00e9ant demander la rectification, le blocage ou la suppression de ces donn\u00e9es.<br \/> N&rsquo;h\u00e9sitez pas \u00e0 nous contacter \u00e0 d\u2019adresse indiqu\u00e9e dans \u201eMention l\u00e9gale\u201c<br \/> si vous avez d&rsquo;autres questions.<\/p>\n<\/div><div class=\"fusion-clearfix\"><\/div><\/div><\/div><\/div><\/div><\/p>\n","protected":false},"excerpt":{"rendered":"","protected":false},"author":3,"featured_media":0,"parent":0,"menu_order":0,"comment_status":"closed","ping_status":"closed","template":"100-width.php","meta":{"footnotes":""},"yoast_head":"<!-- This site is optimized with the Yoast SEO plugin v22.8 - https:\/\/yoast.com\/wordpress\/plugins\/seo\/ -->\n<title>Protection des donn\u00e9es - Sinica Consulting<\/title>\n<meta name=\"robots\" content=\"noindex, nofollow\" \/>\n<meta property=\"og:locale\" content=\"fr_FR\" \/>\n<meta property=\"og:type\" content=\"article\" \/>\n<meta property=\"og:title\" content=\"Protection des donn\u00e9es - Sinica Consulting\" \/>\n<meta property=\"og:url\" content=\"https:\/\/sinica-consulting.com\/fr\/protection-des-donnees\/\" \/>\n<meta property=\"og:site_name\" content=\"Sinica Consulting\" \/>\n<meta name=\"twitter:card\" content=\"summary_large_image\" \/>\n<meta name=\"twitter:label1\" content=\"Dur\u00e9e de lecture estim\u00e9e\" \/>\n\t<meta name=\"twitter:data1\" content=\"7 minutes\" \/>\n<script type=\"application\/ld+json\" class=\"yoast-schema-graph\">{\"@context\":\"https:\/\/schema.org\",\"@graph\":[{\"@type\":\"WebPage\",\"@id\":\"https:\/\/sinica-consulting.com\/fr\/protection-des-donnees\/\",\"url\":\"https:\/\/sinica-consulting.com\/fr\/protection-des-donnees\/\",\"name\":\"Protection des donn\u00e9es - Sinica Consulting\",\"isPartOf\":{\"@id\":\"https:\/\/sinica-consulting.com\/#website\"},\"datePublished\":\"2018-05-22T11:10:40+00:00\",\"dateModified\":\"2018-05-22T11:10:40+00:00\",\"breadcrumb\":{\"@id\":\"https:\/\/sinica-consulting.com\/fr\/protection-des-donnees\/#breadcrumb\"},\"inLanguage\":\"fr-FR\",\"potentialAction\":[{\"@type\":\"ReadAction\",\"target\":[\"https:\/\/sinica-consulting.com\/fr\/protection-des-donnees\/\"]}]},{\"@type\":\"BreadcrumbList\",\"@id\":\"https:\/\/sinica-consulting.com\/fr\/protection-des-donnees\/#breadcrumb\",\"itemListElement\":[{\"@type\":\"ListItem\",\"position\":1,\"name\":\"Startseite\",\"item\":\"https:\/\/sinica-consulting.com\/fr\/\"},{\"@type\":\"ListItem\",\"position\":2,\"name\":\"Protection des donn\u00e9es\"}]},{\"@type\":\"WebSite\",\"@id\":\"https:\/\/sinica-consulting.com\/#website\",\"url\":\"https:\/\/sinica-consulting.com\/\",\"name\":\"Sinica Consulting\",\"description\":\"Eine weitere WordPress-Website\",\"potentialAction\":[{\"@type\":\"SearchAction\",\"target\":{\"@type\":\"EntryPoint\",\"urlTemplate\":\"https:\/\/sinica-consulting.com\/?s={search_term_string}\"},\"query-input\":\"required name=search_term_string\"}],\"inLanguage\":\"fr-FR\"}]}<\/script>\n<!-- \/ Yoast SEO plugin. -->","yoast_head_json":{"title":"Protection des donn\u00e9es - Sinica Consulting","robots":{"index":"noindex","follow":"nofollow"},"og_locale":"fr_FR","og_type":"article","og_title":"Protection des donn\u00e9es - Sinica Consulting","og_url":"https:\/\/sinica-consulting.com\/fr\/protection-des-donnees\/","og_site_name":"Sinica Consulting","twitter_card":"summary_large_image","twitter_misc":{"Dur\u00e9e de lecture estim\u00e9e":"7 minutes"},"schema":{"@context":"https:\/\/schema.org","@graph":[{"@type":"WebPage","@id":"https:\/\/sinica-consulting.com\/fr\/protection-des-donnees\/","url":"https:\/\/sinica-consulting.com\/fr\/protection-des-donnees\/","name":"Protection des donn\u00e9es - Sinica Consulting","isPartOf":{"@id":"https:\/\/sinica-consulting.com\/#website"},"datePublished":"2018-05-22T11:10:40+00:00","dateModified":"2018-05-22T11:10:40+00:00","breadcrumb":{"@id":"https:\/\/sinica-consulting.com\/fr\/protection-des-donnees\/#breadcrumb"},"inLanguage":"fr-FR","potentialAction":[{"@type":"ReadAction","target":["https:\/\/sinica-consulting.com\/fr\/protection-des-donnees\/"]}]},{"@type":"BreadcrumbList","@id":"https:\/\/sinica-consulting.com\/fr\/protection-des-donnees\/#breadcrumb","itemListElement":[{"@type":"ListItem","position":1,"name":"Startseite","item":"https:\/\/sinica-consulting.com\/fr\/"},{"@type":"ListItem","position":2,"name":"Protection des donn\u00e9es"}]},{"@type":"WebSite","@id":"https:\/\/sinica-consulting.com\/#website","url":"https:\/\/sinica-consulting.com\/","name":"Sinica Consulting","description":"Eine weitere WordPress-Website","potentialAction":[{"@type":"SearchAction","target":{"@type":"EntryPoint","urlTemplate":"https:\/\/sinica-consulting.com\/?s={search_term_string}"},"query-input":"required name=search_term_string"}],"inLanguage":"fr-FR"}]}},"_links":{"self":[{"href":"https:\/\/sinica-consulting.com\/fr\/wp-json\/wp\/v2\/pages\/895"}],"collection":[{"href":"https:\/\/sinica-consulting.com\/fr\/wp-json\/wp\/v2\/pages"}],"about":[{"href":"https:\/\/sinica-consulting.com\/fr\/wp-json\/wp\/v2\/types\/page"}],"author":[{"embeddable":true,"href":"https:\/\/sinica-consulting.com\/fr\/wp-json\/wp\/v2\/users\/3"}],"replies":[{"embeddable":true,"href":"https:\/\/sinica-consulting.com\/fr\/wp-json\/wp\/v2\/comments?post=895"}],"version-history":[{"count":3,"href":"https:\/\/sinica-consulting.com\/fr\/wp-json\/wp\/v2\/pages\/895\/revisions"}],"predecessor-version":[{"id":904,"href":"https:\/\/sinica-consulting.com\/fr\/wp-json\/wp\/v2\/pages\/895\/revisions\/904"}],"wp:attachment":[{"href":"https:\/\/sinica-consulting.com\/fr\/wp-json\/wp\/v2\/media?parent=895"}],"curies":[{"name":"wp","href":"https:\/\/api.w.org\/{rel}","templated":true}]}}